{"id":95,"date":"2025-03-25T10:48:14","date_gmt":"2025-03-25T10:48:14","guid":{"rendered":"http:\/\/www.arcent.com.tr\/en\/?page_id=95"},"modified":"2025-05-13T11:49:24","modified_gmt":"2025-05-13T11:49:24","slug":"communication","status":"publish","type":"page","link":"https:\/\/www.arcent.com.tr\/en\/communication\/","title":{"rendered":"Communication"},"content":{"rendered":"\t\t<div data-elementor-type=\"wp-page\" data-elementor-id=\"95\" class=\"elementor elementor-95\">\n\t\t\t\t\t\t<section class=\"elementor-section elementor-top-section elementor-element elementor-element-56d35bb7 elementor-section-height-min-height elementor-section-boxed elementor-section-height-default elementor-section-items-middle\" data-id=\"56d35bb7\" data-element_type=\"section\" data-e-type=\"section\" data-settings=\"{&quot;background_background&quot;:&quot;classic&quot;}\">\n\t\t\t\t\t\t\t<div class=\"elementor-background-overlay\"><\/div>\n\t\t\t\t\t\t\t<div class=\"elementor-container elementor-column-gap-default\">\n\t\t\t\t\t<div class=\"elementor-column elementor-col-100 elementor-top-column elementor-element elementor-element-2c873e85\" data-id=\"2c873e85\" data-element_type=\"column\" data-e-type=\"column\">\n\t\t\t<div class=\"elementor-widget-wrap elementor-element-populated\">\n\t\t\t\t\t\t<div class=\"elementor-element elementor-element-894f3cd elementor-widget elementor-widget-elementskit-heading\" data-id=\"894f3cd\" data-element_type=\"widget\" data-e-type=\"widget\" data-widget_type=\"elementskit-heading.default\">\n\t\t\t\t<div class=\"elementor-widget-container\">\n\t\t\t\t\t<div class=\"ekit-wid-con\" ><div class=\"ekit-heading elementskit-section-title-wraper text_center   ekit_heading_tablet-   ekit_heading_mobile-\"><h2 class=\"ekit-heading--title elementskit-section-title \">Commun\u0131cat\u0131on<\/h2><\/div><\/div>\t\t\t\t<\/div>\n\t\t\t\t<\/div>\n\t\t\t\t\t<\/div>\n\t\t<\/div>\n\t\t\t\t\t<\/div>\n\t\t<\/section>\n\t\t\t\t<section class=\"elementor-section elementor-top-section elementor-element elementor-element-c9da48c elementor-section-boxed elementor-section-height-default elementor-section-height-default\" data-id=\"c9da48c\" data-element_type=\"section\" data-e-type=\"section\">\n\t\t\t\t\t\t<div class=\"elementor-container elementor-column-gap-default\">\n\t\t\t\t\t<div class=\"elementor-column elementor-col-50 elementor-top-column elementor-element elementor-element-62b1829\" data-id=\"62b1829\" data-element_type=\"column\" data-e-type=\"column\">\n\t\t\t<div class=\"elementor-widget-wrap elementor-element-populated\">\n\t\t\t\t\t\t<div class=\"elementor-element elementor-element-a8ff424 elementor-invisible elementor-widget elementor-widget-heading\" data-id=\"a8ff424\" data-element_type=\"widget\" data-e-type=\"widget\" data-settings=\"{&quot;_animation&quot;:&quot;fadeIn&quot;}\" data-widget_type=\"heading.default\">\n\t\t\t\t<div class=\"elementor-widget-container\">\n\t\t\t\t\t<h5 class=\"elementor-heading-title elementor-size-default\">Arcent PlannIng Eng\u0131neeRIng ArchItecture MInIng ConstructIon Industry and Trade Ltd. Co.<\/h5>\t\t\t\t<\/div>\n\t\t\t\t<\/div>\n\t\t\t\t<div class=\"elementor-element elementor-element-9ccd58a elementor-widget-mobile__width-inherit elementor-invisible elementor-widget elementor-widget-text-editor\" data-id=\"9ccd58a\" data-element_type=\"widget\" data-e-type=\"widget\" data-settings=\"{&quot;_animation&quot;:&quot;fadeIn&quot;}\" data-widget_type=\"text-editor.default\">\n\t\t\t\t<div class=\"elementor-widget-container\">\n\t\t\t\t\t\t\t\t\t<p>Gayrettepe Mahallesi, Y\u0131ld\u0131z Posta Caddesi Y\u0131ld\u0131z Residence<\/p><p>D:24\/15 34349 Be\u015fikta\u015f \u0130stanbul \/ TURKEY<\/p>\t\t\t\t\t\t\t\t<\/div>\n\t\t\t\t<\/div>\n\t\t\t\t\t<\/div>\n\t\t<\/div>\n\t\t\t\t<div class=\"elementor-column elementor-col-50 elementor-top-column elementor-element elementor-element-0595350\" data-id=\"0595350\" data-element_type=\"column\" data-e-type=\"column\">\n\t\t\t<div class=\"elementor-widget-wrap elementor-element-populated\">\n\t\t\t\t\t\t<div class=\"elementor-element elementor-element-0613746 elementor-invisible elementor-widget elementor-widget-heading\" data-id=\"0613746\" data-element_type=\"widget\" data-e-type=\"widget\" data-settings=\"{&quot;_animation&quot;:&quot;fadeIn&quot;}\" data-widget_type=\"heading.default\">\n\t\t\t\t<div class=\"elementor-widget-container\">\n\t\t\t\t\t<h6 class=\"elementor-heading-title elementor-size-default\">Our contact \u0131nformat\u0131on<\/h6>\t\t\t\t<\/div>\n\t\t\t\t<\/div>\n\t\t\t\t<div class=\"elementor-element elementor-element-14d4442 elementor-widget-mobile__width-inherit elementor-icon-list--layout-traditional elementor-list-item-link-full_width elementor-invisible elementor-widget elementor-widget-icon-list\" data-id=\"14d4442\" data-element_type=\"widget\" data-e-type=\"widget\" data-settings=\"{&quot;_animation&quot;:&quot;fadeIn&quot;}\" data-widget_type=\"icon-list.default\">\n\t\t\t\t<div class=\"elementor-widget-container\">\n\t\t\t\t\t\t\t<ul class=\"elementor-icon-list-items\">\n\t\t\t\t\t\t\t<li class=\"elementor-icon-list-item\">\n\t\t\t\t\t\t\t\t\t\t\t<a href=\"#\">\n\n\t\t\t\t\t\t\t\t\t\t\t\t<span class=\"elementor-icon-list-icon\">\n\t\t\t\t\t\t\t<i aria-hidden=\"true\" class=\"icon icon-envelope2\"><\/i>\t\t\t\t\t\t<\/span>\n\t\t\t\t\t\t\t\t\t\t<span class=\"elementor-icon-list-text\">arcent@arcent.com.tr<\/span>\n\t\t\t\t\t\t\t\t\t\t\t<\/a>\n\t\t\t\t\t\t\t\t\t<\/li>\n\t\t\t\t\t\t\t\t<li class=\"elementor-icon-list-item\">\n\t\t\t\t\t\t\t\t\t\t\t<a href=\"tel:+90%20212%20274%2092%2040\">\n\n\t\t\t\t\t\t\t\t\t\t\t\t<span class=\"elementor-icon-list-icon\">\n\t\t\t\t\t\t\t<i aria-hidden=\"true\" class=\"icon icon-phone1\"><\/i>\t\t\t\t\t\t<\/span>\n\t\t\t\t\t\t\t\t\t\t<span class=\"elementor-icon-list-text\">+90 212 274 92 40<\/span>\n\t\t\t\t\t\t\t\t\t\t\t<\/a>\n\t\t\t\t\t\t\t\t\t<\/li>\n\t\t\t\t\t\t\t\t<li class=\"elementor-icon-list-item\">\n\t\t\t\t\t\t\t\t\t\t\t<a href=\"tel:+90%20532%20622%2060%2035\">\n\n\t\t\t\t\t\t\t\t\t\t\t\t<span class=\"elementor-icon-list-icon\">\n\t\t\t\t\t\t\t<i aria-hidden=\"true\" class=\"icon icon-smartphone\"><\/i>\t\t\t\t\t\t<\/span>\n\t\t\t\t\t\t\t\t\t\t<span class=\"elementor-icon-list-text\">+90 532 622 60 35<\/span>\n\t\t\t\t\t\t\t\t\t\t\t<\/a>\n\t\t\t\t\t\t\t\t\t<\/li>\n\t\t\t\t\t\t<\/ul>\n\t\t\t\t\t\t<\/div>\n\t\t\t\t<\/div>\n\t\t\t\t\t<\/div>\n\t\t<\/div>\n\t\t\t\t\t<\/div>\n\t\t<\/section>\n\t\t\t\t<section class=\"elementor-section elementor-top-section elementor-element elementor-element-e39ee9b elementor-section-full_width elementor-section-height-default elementor-section-height-default\" data-id=\"e39ee9b\" data-element_type=\"section\" data-e-type=\"section\">\n\t\t\t\t\t\t<div class=\"elementor-container elementor-column-gap-default\">\n\t\t\t\t\t<div class=\"elementor-column elementor-col-100 elementor-top-column elementor-element elementor-element-b2455d7\" data-id=\"b2455d7\" data-element_type=\"column\" data-e-type=\"column\">\n\t\t\t<div class=\"elementor-widget-wrap elementor-element-populated\">\n\t\t\t\t\t\t<div class=\"elementor-element elementor-element-394e8f6 elementor-widget elementor-widget-google_maps\" data-id=\"394e8f6\" data-element_type=\"widget\" data-e-type=\"widget\" data-widget_type=\"google_maps.default\">\n\t\t\t\t<div class=\"elementor-widget-container\">\n\t\t\t\t\t\t\t<div class=\"elementor-custom-embed\">\n\t\t\t<iframe loading=\"lazy\"\n\t\t\t\t\tsrc=\"https:\/\/maps.google.com\/maps?q=arcent%20%C5%9Fehir%20planlama%20istanbul&#038;t=m&#038;z=14&#038;output=embed&#038;iwloc=near\"\n\t\t\t\t\ttitle=\"arcent \u015fehir planlama istanbul\"\n\t\t\t\t\taria-label=\"arcent \u015fehir planlama istanbul\"\n\t\t\t><\/iframe>\n\t\t<\/div>\n\t\t\t\t\t\t<\/div>\n\t\t\t\t<\/div>\n\t\t\t\t\t<\/div>\n\t\t<\/div>\n\t\t\t\t\t<\/div>\n\t\t<\/section>\n\t\t\t\t<\/div>\n\t\t","protected":false},"excerpt":{"rendered":"<p>Commun\u0131cat\u0131on Arcent PlannIng Eng\u0131neeRIng ArchItecture MInIng ConstructIon Industry and Trade Ltd. Co. Gayrettepe Mahallesi, Y\u0131ld\u0131z Posta Caddesi Y\u0131ld\u0131z Residence D:24\/15 34349 Be\u015fikta\u015f \u0130stanbul \/ TURKEY Our contact \u0131nformat\u0131on arcent@arcent.com.tr +90 212 274 92 40 +90 532 622 60 35<\/p>\n","protected":false},"author":1,"featured_media":0,"parent":0,"menu_order":0,"comment_status":"closed","ping_status":"closed","template":"","meta":{"footnotes":""},"class_list":["post-95","page","type-page","status-publish","hentry"],"yoast_head":"<!-- This site is optimized with the Yoast SEO plugin v27.4 - https:\/\/yoast.com\/product\/yoast-seo-wordpress\/ -->\n<title>Communication - ARCENT<\/title>\n<meta name=\"description\" content=\"Gayrettepe, Y\u0131ld\u0131z Posta Cd. Yildiz Residence D:24\/15, 34349 Be\u015fikta\u015f \u0130stanbul \/ TURKEY\" \/>\n<meta name=\"robots\" content=\"index, follow, max-snippet:-1, max-image-preview:large, max-video-preview:-1\" \/>\n<link rel=\"canonical\" href=\"https:\/\/www.arcent.com.tr\/en\/communication\/\" \/>\n<meta property=\"og:locale\" content=\"tr_TR\" \/>\n<meta property=\"og:type\" content=\"article\" \/>\n<meta property=\"og:title\" content=\"Communication - ARCENT\" \/>\n<meta property=\"og:description\" content=\"Gayrettepe, Y\u0131ld\u0131z Posta Cd. Yildiz Residence D:24\/15, 34349 Be\u015fikta\u015f \u0130stanbul \/ TURKEY\" \/>\n<meta property=\"og:url\" content=\"https:\/\/www.arcent.com.tr\/en\/communication\/\" \/>\n<meta property=\"og:site_name\" content=\"ARCENT\" \/>\n<meta property=\"article:modified_time\" content=\"2025-05-13T11:49:24+00:00\" \/>\n<meta name=\"twitter:card\" content=\"summary_large_image\" \/>\n<meta name=\"twitter:label1\" content=\"Tahmini okuma s\u00fcresi\" \/>\n\t<meta name=\"twitter:data1\" content=\"1 dakika\" \/>\n<script type=\"application\/ld+json\" class=\"yoast-schema-graph\">{\"@context\":\"https:\\\/\\\/schema.org\",\"@graph\":[{\"@type\":\"WebPage\",\"@id\":\"https:\\\/\\\/www.arcent.com.tr\\\/en\\\/communication\\\/\",\"url\":\"https:\\\/\\\/www.arcent.com.tr\\\/en\\\/communication\\\/\",\"name\":\"Communication - ARCENT\",\"isPartOf\":{\"@id\":\"https:\\\/\\\/www.arcent.com.tr\\\/en\\\/#website\"},\"datePublished\":\"2025-03-25T10:48:14+00:00\",\"dateModified\":\"2025-05-13T11:49:24+00:00\",\"description\":\"Gayrettepe, Y\u0131ld\u0131z Posta Cd. Yildiz Residence D:24\\\/15, 34349 Be\u015fikta\u015f \u0130stanbul \\\/ TURKEY\",\"breadcrumb\":{\"@id\":\"https:\\\/\\\/www.arcent.com.tr\\\/en\\\/communication\\\/#breadcrumb\"},\"inLanguage\":\"tr\",\"potentialAction\":[{\"@type\":\"ReadAction\",\"target\":[\"https:\\\/\\\/www.arcent.com.tr\\\/en\\\/communication\\\/\"]}]},{\"@type\":\"BreadcrumbList\",\"@id\":\"https:\\\/\\\/www.arcent.com.tr\\\/en\\\/communication\\\/#breadcrumb\",\"itemListElement\":[{\"@type\":\"ListItem\",\"position\":1,\"name\":\"Anasayfa\",\"item\":\"https:\\\/\\\/www.arcent.com.tr\\\/en\\\/\"},{\"@type\":\"ListItem\",\"position\":2,\"name\":\"Communication\"}]},{\"@type\":\"WebSite\",\"@id\":\"https:\\\/\\\/www.arcent.com.tr\\\/en\\\/#website\",\"url\":\"https:\\\/\\\/www.arcent.com.tr\\\/en\\\/\",\"name\":\"ARCENT\",\"description\":\"\u015eehir Planlama ve Mimarl\u0131k\",\"potentialAction\":[{\"@type\":\"SearchAction\",\"target\":{\"@type\":\"EntryPoint\",\"urlTemplate\":\"https:\\\/\\\/www.arcent.com.tr\\\/en\\\/?s={search_term_string}\"},\"query-input\":{\"@type\":\"PropertyValueSpecification\",\"valueRequired\":true,\"valueName\":\"search_term_string\"}}],\"inLanguage\":\"tr\"}]}<\/script>\n<!-- \/ Yoast SEO plugin. -->","yoast_head_json":{"title":"Communication - ARCENT","description":"Gayrettepe, Y\u0131ld\u0131z Posta Cd. Yildiz Residence D:24\/15, 34349 Be\u015fikta\u015f \u0130stanbul \/ TURKEY","robots":{"index":"index","follow":"follow","max-snippet":"max-snippet:-1","max-image-preview":"max-image-preview:large","max-video-preview":"max-video-preview:-1"},"canonical":"https:\/\/www.arcent.com.tr\/en\/communication\/","og_locale":"tr_TR","og_type":"article","og_title":"Communication - ARCENT","og_description":"Gayrettepe, Y\u0131ld\u0131z Posta Cd. Yildiz Residence D:24\/15, 34349 Be\u015fikta\u015f \u0130stanbul \/ TURKEY","og_url":"https:\/\/www.arcent.com.tr\/en\/communication\/","og_site_name":"ARCENT","article_modified_time":"2025-05-13T11:49:24+00:00","twitter_card":"summary_large_image","twitter_misc":{"Tahmini okuma s\u00fcresi":"1 dakika"},"schema":{"@context":"https:\/\/schema.org","@graph":[{"@type":"WebPage","@id":"https:\/\/www.arcent.com.tr\/en\/communication\/","url":"https:\/\/www.arcent.com.tr\/en\/communication\/","name":"Communication - ARCENT","isPartOf":{"@id":"https:\/\/www.arcent.com.tr\/en\/#website"},"datePublished":"2025-03-25T10:48:14+00:00","dateModified":"2025-05-13T11:49:24+00:00","description":"Gayrettepe, Y\u0131ld\u0131z Posta Cd. Yildiz Residence D:24\/15, 34349 Be\u015fikta\u015f \u0130stanbul \/ TURKEY","breadcrumb":{"@id":"https:\/\/www.arcent.com.tr\/en\/communication\/#breadcrumb"},"inLanguage":"tr","potentialAction":[{"@type":"ReadAction","target":["https:\/\/www.arcent.com.tr\/en\/communication\/"]}]},{"@type":"BreadcrumbList","@id":"https:\/\/www.arcent.com.tr\/en\/communication\/#breadcrumb","itemListElement":[{"@type":"ListItem","position":1,"name":"Anasayfa","item":"https:\/\/www.arcent.com.tr\/en\/"},{"@type":"ListItem","position":2,"name":"Communication"}]},{"@type":"WebSite","@id":"https:\/\/www.arcent.com.tr\/en\/#website","url":"https:\/\/www.arcent.com.tr\/en\/","name":"ARCENT","description":"\u015eehir Planlama ve Mimarl\u0131k","potentialAction":[{"@type":"SearchAction","target":{"@type":"EntryPoint","urlTemplate":"https:\/\/www.arcent.com.tr\/en\/?s={search_term_string}"},"query-input":{"@type":"PropertyValueSpecification","valueRequired":true,"valueName":"search_term_string"}}],"inLanguage":"tr"}]}},"_links":{"self":[{"href":"https:\/\/www.arcent.com.tr\/en\/wp-json\/wp\/v2\/pages\/95","targetHints":{"allow":["GET"]}}],"collection":[{"href":"https:\/\/www.arcent.com.tr\/en\/wp-json\/wp\/v2\/pages"}],"about":[{"href":"https:\/\/www.arcent.com.tr\/en\/wp-json\/wp\/v2\/types\/page"}],"author":[{"embeddable":true,"href":"https:\/\/www.arcent.com.tr\/en\/wp-json\/wp\/v2\/users\/1"}],"replies":[{"embeddable":true,"href":"https:\/\/www.arcent.com.tr\/en\/wp-json\/wp\/v2\/comments?post=95"}],"version-history":[{"count":41,"href":"https:\/\/www.arcent.com.tr\/en\/wp-json\/wp\/v2\/pages\/95\/revisions"}],"predecessor-version":[{"id":773,"href":"https:\/\/www.arcent.com.tr\/en\/wp-json\/wp\/v2\/pages\/95\/revisions\/773"}],"wp:attachment":[{"href":"https:\/\/www.arcent.com.tr\/en\/wp-json\/wp\/v2\/media?parent=95"}],"curies":[{"name":"wp","href":"https:\/\/api.w.org\/{rel}","templated":true}]}}