{"id":315,"date":"2025-04-02T19:20:37","date_gmt":"2025-04-02T19:20:37","guid":{"rendered":"http:\/\/www.arcent.com.tr\/en\/?page_id=315"},"modified":"2025-05-13T11:50:23","modified_gmt":"2025-05-13T11:50:23","slug":"construction-and-consultancy","status":"publish","type":"page","link":"https:\/\/www.arcent.com.tr\/en\/construction-and-consultancy\/","title":{"rendered":"Construction and Consultancy"},"content":{"rendered":"\t\t<div data-elementor-type=\"wp-page\" data-elementor-id=\"315\" class=\"elementor elementor-315\">\n\t\t\t\t\t\t<section class=\"elementor-section elementor-top-section elementor-element elementor-element-0dd9a6f elementor-section-height-min-height elementor-section-boxed elementor-section-height-default elementor-section-items-middle\" data-id=\"0dd9a6f\" data-element_type=\"section\" data-e-type=\"section\" data-settings=\"{&quot;background_background&quot;:&quot;classic&quot;}\">\n\t\t\t\t\t\t\t<div class=\"elementor-background-overlay\"><\/div>\n\t\t\t\t\t\t\t<div class=\"elementor-container elementor-column-gap-default\">\n\t\t\t\t\t<div class=\"elementor-column elementor-col-100 elementor-top-column elementor-element elementor-element-321415f\" data-id=\"321415f\" data-element_type=\"column\" data-e-type=\"column\">\n\t\t\t<div class=\"elementor-widget-wrap elementor-element-populated\">\n\t\t\t\t\t\t<div class=\"elementor-element elementor-element-622840b elementor-widget elementor-widget-elementskit-heading\" data-id=\"622840b\" data-element_type=\"widget\" data-e-type=\"widget\" data-widget_type=\"elementskit-heading.default\">\n\t\t\t\t<div class=\"elementor-widget-container\">\n\t\t\t\t\t<div class=\"ekit-wid-con\" ><div class=\"ekit-heading elementskit-section-title-wraper text_center   ekit_heading_tablet-   ekit_heading_mobile-\"><h2 class=\"ekit-heading--title elementskit-section-title \">Construct\u0131on and Consultancy<\/h2><\/div><\/div>\t\t\t\t<\/div>\n\t\t\t\t<\/div>\n\t\t\t\t\t<\/div>\n\t\t<\/div>\n\t\t\t\t\t<\/div>\n\t\t<\/section>\n\t\t\t\t<section class=\"elementor-section elementor-top-section elementor-element elementor-element-6891182 elementor-section-boxed elementor-section-height-default elementor-section-height-default\" data-id=\"6891182\" data-element_type=\"section\" data-e-type=\"section\" data-settings=\"{&quot;background_background&quot;:&quot;classic&quot;}\">\n\t\t\t\t\t\t<div class=\"elementor-container elementor-column-gap-default\">\n\t\t\t\t\t<div class=\"elementor-column elementor-col-100 elementor-top-column elementor-element elementor-element-d4a2141\" data-id=\"d4a2141\" data-element_type=\"column\" data-e-type=\"column\">\n\t\t\t<div class=\"elementor-widget-wrap elementor-element-populated\">\n\t\t\t\t\t\t<div class=\"elementor-element elementor-element-8fb56c6 elementor-widget elementor-widget-text-editor\" data-id=\"8fb56c6\" data-element_type=\"widget\" data-e-type=\"widget\" data-widget_type=\"text-editor.default\">\n\t\t\t\t<div class=\"elementor-widget-container\">\n\t\t\t\t\t\t\t\t\t<h4>OUR WORKS:<\/h4>\t\t\t\t\t\t\t\t<\/div>\n\t\t\t\t<\/div>\n\t\t\t\t<div class=\"elementor-element elementor-element-2dbb9ae elementor-widget__width-initial elementor-widget-mobile__width-inherit elementor-icon-list--layout-traditional elementor-list-item-link-full_width elementor-invisible elementor-widget elementor-widget-icon-list\" data-id=\"2dbb9ae\" data-element_type=\"widget\" data-e-type=\"widget\" data-settings=\"{&quot;_animation&quot;:&quot;fadeInUp&quot;}\" data-widget_type=\"icon-list.default\">\n\t\t\t\t<div class=\"elementor-widget-container\">\n\t\t\t\t\t\t\t<ul class=\"elementor-icon-list-items\">\n\t\t\t\t\t\t\t<li class=\"elementor-icon-list-item\">\n\t\t\t\t\t\t\t\t\t\t\t<a href=\"#\">\n\n\t\t\t\t\t\t\t\t\t\t\t<span class=\"elementor-icon-list-text\">1 -)\tSLB DIYARBAKIR FIELD HANGAR PROJECT CONSULTANCY<\/span>\n\t\t\t\t\t\t\t\t\t\t\t<\/a>\n\t\t\t\t\t\t\t\t\t<\/li>\n\t\t\t\t\t\t\t\t<li class=\"elementor-icon-list-item\">\n\t\t\t\t\t\t\t\t\t\t<span class=\"elementor-icon-list-text\">2 -)\tSLB TEK\u0130RDA\u011e SMOKE-FREE WORK SITE PROJECT CONSULTANCY<\/span>\n\t\t\t\t\t\t\t\t\t<\/li>\n\t\t\t\t\t\t\t\t<li class=\"elementor-icon-list-item\">\n\t\t\t\t\t\t\t\t\t\t<span class=\"elementor-icon-list-text\">3 -) DIYARBAKIR WALL BUTTERING RESTORATION IMPLEMENTATION<\/span>\n\t\t\t\t\t\t\t\t\t<\/li>\n\t\t\t\t\t\t\t\t<li class=\"elementor-icon-list-item\">\n\t\t\t\t\t\t\t\t\t\t<span class=\"elementor-icon-list-text\">4 -)\tDSM DESIGN AND IMPLEMENTATION<\/span>\n\t\t\t\t\t\t\t\t\t<\/li>\n\t\t\t\t\t\t\t\t<li class=\"elementor-icon-list-item\">\n\t\t\t\t\t\t\t\t\t\t<span class=\"elementor-icon-list-text\">5 -)\tMEB ANATOLIAN HIGH SCHOOL EXTERIOR REPAIR<\/span>\n\t\t\t\t\t\t\t\t\t<\/li>\n\t\t\t\t\t\t\t\t<li class=\"elementor-icon-list-item\">\n\t\t\t\t\t\t\t\t\t\t<span class=\"elementor-icon-list-text\">6 -)\tPHARMACEUTICAL WAREHOUSE BUILDING CONSTRUCTION<\/span>\n\t\t\t\t\t\t\t\t\t<\/li>\n\t\t\t\t\t\t\t\t<li class=\"elementor-icon-list-item\">\n\t\t\t\t\t\t\t\t\t\t<span class=\"elementor-icon-list-text\">7 -)\tMARBLE FACTORY PROJECT IMPLEMENTATION<\/span>\n\t\t\t\t\t\t\t\t\t<\/li>\n\t\t\t\t\t\t\t\t<li class=\"elementor-icon-list-item\">\n\t\t\t\t\t\t\t\t\t\t<span class=\"elementor-icon-list-text\">8 -)\tEXTERIOR RENEWAL PROJECT IMPLEMENTATION<\/span>\n\t\t\t\t\t\t\t\t\t<\/li>\n\t\t\t\t\t\t<\/ul>\n\t\t\t\t\t\t<\/div>\n\t\t\t\t<\/div>\n\t\t\t\t<div class=\"elementor-element elementor-element-5fb925a elementor-widget elementor-widget-spacer\" data-id=\"5fb925a\" data-element_type=\"widget\" data-e-type=\"widget\" data-widget_type=\"spacer.default\">\n\t\t\t\t<div class=\"elementor-widget-container\">\n\t\t\t\t\t\t\t<div class=\"elementor-spacer\">\n\t\t\t<div class=\"elementor-spacer-inner\"><\/div>\n\t\t<\/div>\n\t\t\t\t\t\t<\/div>\n\t\t\t\t<\/div>\n\t\t\t\t\t<\/div>\n\t\t<\/div>\n\t\t\t\t\t<\/div>\n\t\t<\/section>\n\t\t\t\t<section class=\"elementor-section elementor-top-section elementor-element elementor-element-6e1922d elementor-section-boxed elementor-section-height-default elementor-section-height-default\" data-id=\"6e1922d\" data-element_type=\"section\" data-e-type=\"section\">\n\t\t\t\t\t\t<div class=\"elementor-container elementor-column-gap-default\">\n\t\t\t\t\t<div class=\"elementor-column elementor-col-100 elementor-top-column elementor-element elementor-element-d7c591e\" data-id=\"d7c591e\" data-element_type=\"column\" data-e-type=\"column\">\n\t\t\t<div class=\"elementor-widget-wrap elementor-element-populated\">\n\t\t\t\t\t\t<div class=\"elementor-element elementor-element-f100c84 gallery-spacing-custom elementor-widget elementor-widget-image-gallery\" data-id=\"f100c84\" data-element_type=\"widget\" data-e-type=\"widget\" data-widget_type=\"image-gallery.default\">\n\t\t\t\t<div class=\"elementor-widget-container\">\n\t\t\t\t\t\t\t<div class=\"elementor-image-gallery\">\n\t\t\t<div id='gallery-1' class='gallery galleryid-315 gallery-columns-2 gallery-size-medium'><figure class='gallery-item'>\n\t\t\t<div class='gallery-icon landscape'>\n\t\t\t\t<a data-elementor-open-lightbox=\"yes\" data-elementor-lightbox-slideshow=\"f100c84\" data-elementor-lightbox-title=\"SLB DIYARBAKIR FIELD HANGAR PROJECT\" data-elementor-lightbox-description=\"SLB DIYARBAKIR FIELD HANGAR PROJECT\" data-e-action-hash=\"#elementor-action%3Aaction%3Dlightbox%26settings%3DeyJpZCI6Mzg5LCJ1cmwiOiJodHRwczpcL1wvd3d3LmFyY2VudC5jb20udHJcL2VuXC93cC1jb250ZW50XC91cGxvYWRzXC8yMDI1XC8wNFwvNS4xLmpwZyIsInNsaWRlc2hvdyI6ImYxMDBjODQifQ%3D%3D\" href='https:\/\/www.arcent.com.tr\/en\/wp-content\/uploads\/2025\/04\/5.1.jpg'><img decoding=\"async\" width=\"300\" height=\"141\" src=\"https:\/\/www.arcent.com.tr\/en\/wp-content\/uploads\/2025\/04\/5.1-300x141.jpg\" class=\"attachment-medium size-medium\" alt=\"SLB DIYARBAKIR FIELD HANGAR PROJECT\" aria-describedby=\"gallery-1-389\" srcset=\"https:\/\/www.arcent.com.tr\/en\/wp-content\/uploads\/2025\/04\/5.1-300x141.jpg 300w, https:\/\/www.arcent.com.tr\/en\/wp-content\/uploads\/2025\/04\/5.1-768x361.jpg 768w, https:\/\/www.arcent.com.tr\/en\/wp-content\/uploads\/2025\/04\/5.1.jpg 924w\" sizes=\"(max-width: 300px) 100vw, 300px\" \/><\/a>\n\t\t\t<\/div>\n\t\t\t\t<figcaption class='wp-caption-text gallery-caption' id='gallery-1-389'>\n\t\t\t\tSLB DIYARBAKIR FIELD HANGAR PROJECT\n\t\t\t\t<\/figcaption><\/figure><figure class='gallery-item'>\n\t\t\t<div class='gallery-icon landscape'>\n\t\t\t\t<a data-elementor-open-lightbox=\"yes\" data-elementor-lightbox-slideshow=\"f100c84\" data-elementor-lightbox-title=\"SLB DIYARBAKIR FIELD HANGAR PROJECT\" data-elementor-lightbox-description=\"SLB DIYARBAKIR FIELD HANGAR PROJECT\" data-e-action-hash=\"#elementor-action%3Aaction%3Dlightbox%26settings%3DeyJpZCI6MzkwLCJ1cmwiOiJodHRwczpcL1wvd3d3LmFyY2VudC5jb20udHJcL2VuXC93cC1jb250ZW50XC91cGxvYWRzXC8yMDI1XC8wNFwvNS4yLmpwZyIsInNsaWRlc2hvdyI6ImYxMDBjODQifQ%3D%3D\" href='https:\/\/www.arcent.com.tr\/en\/wp-content\/uploads\/2025\/04\/5.2.jpg'><img fetchpriority=\"high\" decoding=\"async\" width=\"300\" height=\"173\" src=\"https:\/\/www.arcent.com.tr\/en\/wp-content\/uploads\/2025\/04\/5.2-300x173.jpg\" class=\"attachment-medium size-medium\" alt=\"SLB DIYARBAKIR FIELD HANGAR PROJECT\" aria-describedby=\"gallery-1-390\" srcset=\"https:\/\/www.arcent.com.tr\/en\/wp-content\/uploads\/2025\/04\/5.2-300x173.jpg 300w, https:\/\/www.arcent.com.tr\/en\/wp-content\/uploads\/2025\/04\/5.2.jpg 543w\" sizes=\"(max-width: 300px) 100vw, 300px\" \/><\/a>\n\t\t\t<\/div>\n\t\t\t\t<figcaption class='wp-caption-text gallery-caption' id='gallery-1-390'>\n\t\t\t\tSLB DIYARBAKIR FIELD HANGAR PROJECT\n\t\t\t\t<\/figcaption><\/figure>\n\t\t<\/div>\n\t\t<\/div>\n\t\t\t\t\t\t<\/div>\n\t\t\t\t<\/div>\n\t\t\t\t\t<\/div>\n\t\t<\/div>\n\t\t\t\t\t<\/div>\n\t\t<\/section>\n\t\t\t\t<section class=\"elementor-section elementor-top-section elementor-element elementor-element-a2a1626 elementor-section-boxed elementor-section-height-default elementor-section-height-default\" data-id=\"a2a1626\" data-element_type=\"section\" data-e-type=\"section\">\n\t\t\t\t\t\t<div class=\"elementor-container elementor-column-gap-default\">\n\t\t\t\t\t<div class=\"elementor-column elementor-col-100 elementor-top-column elementor-element elementor-element-a1cd2ec\" data-id=\"a1cd2ec\" data-element_type=\"column\" data-e-type=\"column\">\n\t\t\t<div class=\"elementor-widget-wrap elementor-element-populated\">\n\t\t\t\t\t\t<div class=\"elementor-element elementor-element-e031b4f gallery-spacing-custom elementor-widget elementor-widget-image-gallery\" data-id=\"e031b4f\" data-element_type=\"widget\" data-e-type=\"widget\" data-widget_type=\"image-gallery.default\">\n\t\t\t\t<div class=\"elementor-widget-container\">\n\t\t\t\t\t\t\t<div class=\"elementor-image-gallery\">\n\t\t\t<div id='gallery-2' class='gallery galleryid-315 gallery-columns-1 gallery-size-large'><figure class='gallery-item'>\n\t\t\t<div class='gallery-icon landscape'>\n\t\t\t\t<a data-elementor-open-lightbox=\"yes\" data-elementor-lightbox-slideshow=\"e031b4f\" data-elementor-lightbox-title=\"MARBLE FACTORY PROJECT\" data-elementor-lightbox-description=\"MARBLE FACTORY PROJECT\" data-e-action-hash=\"#elementor-action%3Aaction%3Dlightbox%26settings%3DeyJpZCI6MzkyLCJ1cmwiOiJodHRwczpcL1wvd3d3LmFyY2VudC5jb20udHJcL2VuXC93cC1jb250ZW50XC91cGxvYWRzXC8yMDI1XC8wNFwvNy5qcGciLCJzbGlkZXNob3ciOiJlMDMxYjRmIn0%3D\" href='https:\/\/www.arcent.com.tr\/en\/wp-content\/uploads\/2025\/04\/7.jpg'><img decoding=\"async\" width=\"800\" height=\"149\" src=\"https:\/\/www.arcent.com.tr\/en\/wp-content\/uploads\/2025\/04\/7-1024x191.jpg\" class=\"attachment-large size-large\" alt=\"MARBLE FACTORY PROJECT\" aria-describedby=\"gallery-2-392\" srcset=\"https:\/\/www.arcent.com.tr\/en\/wp-content\/uploads\/2025\/04\/7-1024x191.jpg 1024w, https:\/\/www.arcent.com.tr\/en\/wp-content\/uploads\/2025\/04\/7-300x56.jpg 300w, https:\/\/www.arcent.com.tr\/en\/wp-content\/uploads\/2025\/04\/7-768x143.jpg 768w, https:\/\/www.arcent.com.tr\/en\/wp-content\/uploads\/2025\/04\/7.jpg 1354w\" sizes=\"(max-width: 800px) 100vw, 800px\" \/><\/a>\n\t\t\t<\/div>\n\t\t\t\t<figcaption class='wp-caption-text gallery-caption' id='gallery-2-392'>\n\t\t\t\tMARBLE FACTORY PROJECT\n\t\t\t\t<\/figcaption><\/figure>\n\t\t<\/div>\n\t\t<\/div>\n\t\t\t\t\t\t<\/div>\n\t\t\t\t<\/div>\n\t\t\t\t\t<\/div>\n\t\t<\/div>\n\t\t\t\t\t<\/div>\n\t\t<\/section>\n\t\t\t\t<section class=\"elementor-section elementor-top-section elementor-element elementor-element-cf53ef5 elementor-section-boxed elementor-section-height-default elementor-section-height-default\" data-id=\"cf53ef5\" data-element_type=\"section\" data-e-type=\"section\">\n\t\t\t\t\t\t<div class=\"elementor-container elementor-column-gap-default\">\n\t\t\t\t\t<div class=\"elementor-column elementor-col-100 elementor-top-column elementor-element elementor-element-90ac17b\" data-id=\"90ac17b\" data-element_type=\"column\" data-e-type=\"column\">\n\t\t\t<div class=\"elementor-widget-wrap elementor-element-populated\">\n\t\t\t\t\t\t<div class=\"elementor-element elementor-element-a025cb4 gallery-spacing-custom elementor-widget elementor-widget-image-gallery\" data-id=\"a025cb4\" data-element_type=\"widget\" data-e-type=\"widget\" data-widget_type=\"image-gallery.default\">\n\t\t\t\t<div class=\"elementor-widget-container\">\n\t\t\t\t\t\t\t<div class=\"elementor-image-gallery\">\n\t\t\t<div id='gallery-3' class='gallery galleryid-315 gallery-columns-1 gallery-size-medium'><figure class='gallery-item'>\n\t\t\t<div class='gallery-icon landscape'>\n\t\t\t\t<a data-elementor-open-lightbox=\"yes\" data-elementor-lightbox-slideshow=\"a025cb4\" data-elementor-lightbox-title=\"EXTERIOR RENEWAL PROJECT IMPLEMENTATION\" data-elementor-lightbox-description=\"EXTERIOR RENEWAL PROJECT IMPLEMENTATION\" data-e-action-hash=\"#elementor-action%3Aaction%3Dlightbox%26settings%3DeyJpZCI6Mzk0LCJ1cmwiOiJodHRwczpcL1wvd3d3LmFyY2VudC5jb20udHJcL2VuXC93cC1jb250ZW50XC91cGxvYWRzXC8yMDI1XC8wNFwvOS5qcGciLCJzbGlkZXNob3ciOiJhMDI1Y2I0In0%3D\" href='https:\/\/www.arcent.com.tr\/en\/wp-content\/uploads\/2025\/04\/9.jpg'><img loading=\"lazy\" decoding=\"async\" width=\"300\" height=\"294\" src=\"https:\/\/www.arcent.com.tr\/en\/wp-content\/uploads\/2025\/04\/9-300x294.jpg\" class=\"attachment-medium size-medium\" alt=\"EXTERIOR RENEWAL PROJECT IMPLEMENTATION\" aria-describedby=\"gallery-3-394\" srcset=\"https:\/\/www.arcent.com.tr\/en\/wp-content\/uploads\/2025\/04\/9-300x294.jpg 300w, https:\/\/www.arcent.com.tr\/en\/wp-content\/uploads\/2025\/04\/9.jpg 696w\" sizes=\"(max-width: 300px) 100vw, 300px\" \/><\/a>\n\t\t\t<\/div>\n\t\t\t\t<figcaption class='wp-caption-text gallery-caption' id='gallery-3-394'>\n\t\t\t\tEXTERIOR RENEWAL PROJECT IMPLEMENTATION\n\t\t\t\t<\/figcaption><\/figure>\n\t\t<\/div>\n\t\t<\/div>\n\t\t\t\t\t\t<\/div>\n\t\t\t\t<\/div>\n\t\t\t\t\t<\/div>\n\t\t<\/div>\n\t\t\t\t\t<\/div>\n\t\t<\/section>\n\t\t\t\t<\/div>\n\t\t","protected":false},"excerpt":{"rendered":"<p>Construct\u0131on and Consultancy OUR WORKS: 1 -) SLB DIYARBAKIR FIELD HANGAR PROJECT CONSULTANCY 2 -) SLB TEK\u0130RDA\u011e SMOKE-FREE WORK SITE PROJECT CONSULTANCY 3 -) DIYARBAKIR WALL BUTTERING RESTORATION IMPLEMENTATION 4 -) DSM DESIGN AND IMPLEMENTATION 5 -) MEB ANATOLIAN HIGH SCHOOL EXTERIOR REPAIR 6 -) PHARMACEUTICAL WAREHOUSE BUILDING CONSTRUCTION 7 -) MARBLE FACTORY PROJECT IMPLEMENTATION [&hellip;]<\/p>\n","protected":false},"author":1,"featured_media":0,"parent":0,"menu_order":0,"comment_status":"closed","ping_status":"closed","template":"","meta":{"footnotes":""},"class_list":["post-315","page","type-page","status-publish","hentry"],"yoast_head":"<!-- This site is optimized with the Yoast SEO plugin v27.4 - https:\/\/yoast.com\/product\/yoast-seo-wordpress\/ -->\n<title>Construction and Consultancy - ARCENT<\/title>\n<meta name=\"description\" content=\"In addition to architectural and planning studies, our company has expanded its projects by operating in the construction field and offers\" \/>\n<meta name=\"robots\" content=\"index, follow, max-snippet:-1, max-image-preview:large, max-video-preview:-1\" \/>\n<link rel=\"canonical\" href=\"https:\/\/www.arcent.com.tr\/en\/construction-and-consultancy\/\" \/>\n<meta property=\"og:locale\" content=\"tr_TR\" \/>\n<meta property=\"og:type\" content=\"article\" \/>\n<meta property=\"og:title\" content=\"Construction and Consultancy - ARCENT\" \/>\n<meta property=\"og:description\" content=\"In addition to architectural and planning studies, our company has expanded its projects by operating in the construction field and offers\" \/>\n<meta property=\"og:url\" content=\"https:\/\/www.arcent.com.tr\/en\/construction-and-consultancy\/\" \/>\n<meta property=\"og:site_name\" content=\"ARCENT\" \/>\n<meta property=\"article:modified_time\" content=\"2025-05-13T11:50:23+00:00\" \/>\n<meta property=\"og:image\" content=\"http:\/\/www.arcent.com.tr\/en\/wp-content\/uploads\/2025\/04\/5.1-300x141.jpg\" \/>\n<meta name=\"twitter:card\" content=\"summary_large_image\" \/>\n<meta name=\"twitter:label1\" content=\"Tahmini okuma s\u00fcresi\" \/>\n\t<meta name=\"twitter:data1\" content=\"2 dakika\" \/>\n<script type=\"application\/ld+json\" class=\"yoast-schema-graph\">{\"@context\":\"https:\\\/\\\/schema.org\",\"@graph\":[{\"@type\":\"WebPage\",\"@id\":\"https:\\\/\\\/www.arcent.com.tr\\\/en\\\/construction-and-consultancy\\\/\",\"url\":\"https:\\\/\\\/www.arcent.com.tr\\\/en\\\/construction-and-consultancy\\\/\",\"name\":\"Construction and Consultancy - ARCENT\",\"isPartOf\":{\"@id\":\"https:\\\/\\\/www.arcent.com.tr\\\/en\\\/#website\"},\"primaryImageOfPage\":{\"@id\":\"https:\\\/\\\/www.arcent.com.tr\\\/en\\\/construction-and-consultancy\\\/#primaryimage\"},\"image\":{\"@id\":\"https:\\\/\\\/www.arcent.com.tr\\\/en\\\/construction-and-consultancy\\\/#primaryimage\"},\"thumbnailUrl\":\"http:\\\/\\\/www.arcent.com.tr\\\/en\\\/wp-content\\\/uploads\\\/2025\\\/04\\\/5.1-300x141.jpg\",\"datePublished\":\"2025-04-02T19:20:37+00:00\",\"dateModified\":\"2025-05-13T11:50:23+00:00\",\"description\":\"In addition to architectural and planning studies, our company has expanded its projects by operating in the construction field and offers\",\"breadcrumb\":{\"@id\":\"https:\\\/\\\/www.arcent.com.tr\\\/en\\\/construction-and-consultancy\\\/#breadcrumb\"},\"inLanguage\":\"tr\",\"potentialAction\":[{\"@type\":\"ReadAction\",\"target\":[\"https:\\\/\\\/www.arcent.com.tr\\\/en\\\/construction-and-consultancy\\\/\"]}]},{\"@type\":\"ImageObject\",\"inLanguage\":\"tr\",\"@id\":\"https:\\\/\\\/www.arcent.com.tr\\\/en\\\/construction-and-consultancy\\\/#primaryimage\",\"url\":\"http:\\\/\\\/www.arcent.com.tr\\\/en\\\/wp-content\\\/uploads\\\/2025\\\/04\\\/5.1-300x141.jpg\",\"contentUrl\":\"http:\\\/\\\/www.arcent.com.tr\\\/en\\\/wp-content\\\/uploads\\\/2025\\\/04\\\/5.1-300x141.jpg\"},{\"@type\":\"BreadcrumbList\",\"@id\":\"https:\\\/\\\/www.arcent.com.tr\\\/en\\\/construction-and-consultancy\\\/#breadcrumb\",\"itemListElement\":[{\"@type\":\"ListItem\",\"position\":1,\"name\":\"Anasayfa\",\"item\":\"https:\\\/\\\/www.arcent.com.tr\\\/en\\\/\"},{\"@type\":\"ListItem\",\"position\":2,\"name\":\"Construction and Consultancy\"}]},{\"@type\":\"WebSite\",\"@id\":\"https:\\\/\\\/www.arcent.com.tr\\\/en\\\/#website\",\"url\":\"https:\\\/\\\/www.arcent.com.tr\\\/en\\\/\",\"name\":\"ARCENT\",\"description\":\"\u015eehir Planlama ve Mimarl\u0131k\",\"potentialAction\":[{\"@type\":\"SearchAction\",\"target\":{\"@type\":\"EntryPoint\",\"urlTemplate\":\"https:\\\/\\\/www.arcent.com.tr\\\/en\\\/?s={search_term_string}\"},\"query-input\":{\"@type\":\"PropertyValueSpecification\",\"valueRequired\":true,\"valueName\":\"search_term_string\"}}],\"inLanguage\":\"tr\"}]}<\/script>\n<!-- \/ Yoast SEO plugin. -->","yoast_head_json":{"title":"Construction and Consultancy - ARCENT","description":"In addition to architectural and planning studies, our company has expanded its projects by operating in the construction field and offers","robots":{"index":"index","follow":"follow","max-snippet":"max-snippet:-1","max-image-preview":"max-image-preview:large","max-video-preview":"max-video-preview:-1"},"canonical":"https:\/\/www.arcent.com.tr\/en\/construction-and-consultancy\/","og_locale":"tr_TR","og_type":"article","og_title":"Construction and Consultancy - ARCENT","og_description":"In addition to architectural and planning studies, our company has expanded its projects by operating in the construction field and offers","og_url":"https:\/\/www.arcent.com.tr\/en\/construction-and-consultancy\/","og_site_name":"ARCENT","article_modified_time":"2025-05-13T11:50:23+00:00","og_image":[{"url":"http:\/\/www.arcent.com.tr\/en\/wp-content\/uploads\/2025\/04\/5.1-300x141.jpg","type":"","width":"","height":""}],"twitter_card":"summary_large_image","twitter_misc":{"Tahmini okuma s\u00fcresi":"2 dakika"},"schema":{"@context":"https:\/\/schema.org","@graph":[{"@type":"WebPage","@id":"https:\/\/www.arcent.com.tr\/en\/construction-and-consultancy\/","url":"https:\/\/www.arcent.com.tr\/en\/construction-and-consultancy\/","name":"Construction and Consultancy - ARCENT","isPartOf":{"@id":"https:\/\/www.arcent.com.tr\/en\/#website"},"primaryImageOfPage":{"@id":"https:\/\/www.arcent.com.tr\/en\/construction-and-consultancy\/#primaryimage"},"image":{"@id":"https:\/\/www.arcent.com.tr\/en\/construction-and-consultancy\/#primaryimage"},"thumbnailUrl":"http:\/\/www.arcent.com.tr\/en\/wp-content\/uploads\/2025\/04\/5.1-300x141.jpg","datePublished":"2025-04-02T19:20:37+00:00","dateModified":"2025-05-13T11:50:23+00:00","description":"In addition to architectural and planning studies, our company has expanded its projects by operating in the construction field and offers","breadcrumb":{"@id":"https:\/\/www.arcent.com.tr\/en\/construction-and-consultancy\/#breadcrumb"},"inLanguage":"tr","potentialAction":[{"@type":"ReadAction","target":["https:\/\/www.arcent.com.tr\/en\/construction-and-consultancy\/"]}]},{"@type":"ImageObject","inLanguage":"tr","@id":"https:\/\/www.arcent.com.tr\/en\/construction-and-consultancy\/#primaryimage","url":"http:\/\/www.arcent.com.tr\/en\/wp-content\/uploads\/2025\/04\/5.1-300x141.jpg","contentUrl":"http:\/\/www.arcent.com.tr\/en\/wp-content\/uploads\/2025\/04\/5.1-300x141.jpg"},{"@type":"BreadcrumbList","@id":"https:\/\/www.arcent.com.tr\/en\/construction-and-consultancy\/#breadcrumb","itemListElement":[{"@type":"ListItem","position":1,"name":"Anasayfa","item":"https:\/\/www.arcent.com.tr\/en\/"},{"@type":"ListItem","position":2,"name":"Construction and Consultancy"}]},{"@type":"WebSite","@id":"https:\/\/www.arcent.com.tr\/en\/#website","url":"https:\/\/www.arcent.com.tr\/en\/","name":"ARCENT","description":"\u015eehir Planlama ve Mimarl\u0131k","potentialAction":[{"@type":"SearchAction","target":{"@type":"EntryPoint","urlTemplate":"https:\/\/www.arcent.com.tr\/en\/?s={search_term_string}"},"query-input":{"@type":"PropertyValueSpecification","valueRequired":true,"valueName":"search_term_string"}}],"inLanguage":"tr"}]}},"_links":{"self":[{"href":"https:\/\/www.arcent.com.tr\/en\/wp-json\/wp\/v2\/pages\/315","targetHints":{"allow":["GET"]}}],"collection":[{"href":"https:\/\/www.arcent.com.tr\/en\/wp-json\/wp\/v2\/pages"}],"about":[{"href":"https:\/\/www.arcent.com.tr\/en\/wp-json\/wp\/v2\/types\/page"}],"author":[{"embeddable":true,"href":"https:\/\/www.arcent.com.tr\/en\/wp-json\/wp\/v2\/users\/1"}],"replies":[{"embeddable":true,"href":"https:\/\/www.arcent.com.tr\/en\/wp-json\/wp\/v2\/comments?post=315"}],"version-history":[{"count":42,"href":"https:\/\/www.arcent.com.tr\/en\/wp-json\/wp\/v2\/pages\/315\/revisions"}],"predecessor-version":[{"id":803,"href":"https:\/\/www.arcent.com.tr\/en\/wp-json\/wp\/v2\/pages\/315\/revisions\/803"}],"wp:attachment":[{"href":"https:\/\/www.arcent.com.tr\/en\/wp-json\/wp\/v2\/media?parent=315"}],"curies":[{"name":"wp","href":"https:\/\/api.w.org\/{rel}","templated":true}]}}